{"id":20,"date":"2023-05-16T10:24:34","date_gmt":"2023-05-16T09:24:34","guid":{"rendered":"https:\/\/baotrixemay.com\/?page_id=20"},"modified":"2023-05-16T10:54:37","modified_gmt":"2023-05-16T09:54:37","slug":"trang-chu","status":"publish","type":"page","link":"https:\/\/baotrixemay.com\/","title":{"rendered":"Trang ch\u1ee7"},"content":{"rendered":"\n\t<section class=\"section\" id=\"section_1844197792\">\n\t\t<div class=\"bg section-bg fill bg-fill  bg-loaded\" >\n\n\t\t\t\n\t\t\t\n\t\t\t\n\n\t\t<\/div>\n\n\t\t<div class=\"section-content relative\">\n\t\t\t\n\n<div class=\"slider-wrapper relative\" id=\"slider-2036125708\" >\n    <div class=\"slider slider-nav-circle slider-nav-large slider-nav-light slider-style-normal\"\n        data-flickity-options='{\n            \"cellAlign\": \"center\",\n            \"imagesLoaded\": true,\n            \"lazyLoad\": 1,\n            \"freeScroll\": false,\n            \"wrapAround\": true,\n            \"autoPlay\": 6000,\n            \"pauseAutoPlayOnHover\" : true,\n            \"prevNextButtons\": true,\n            \"contain\" : true,\n            \"adaptiveHeight\" : true,\n            \"dragThreshold\" : 10,\n            \"percentPosition\": true,\n            \"pageDots\": true,\n            \"rightToLeft\": false,\n            \"draggable\": true,\n            \"selectedAttraction\": 0.1,\n            \"parallax\" : 0,\n            \"friction\": 0.6        }'\n        >\n        \n\n\n  <div class=\"banner has-hover\" id=\"banner-718499301\">\n          <div class=\"banner-inner fill\">\n        <div class=\"banner-bg fill\" >\n            <div class=\"bg fill bg-fill \"><\/div>\n                        <div class=\"overlay\"><\/div>            \n                    <\/div>\n        <div class=\"banner-layers container\">\n            <div class=\"fill banner-link\"><\/div>            \n\n   <div id=\"text-box-860617088\" class=\"text-box banner-layer x50 md-x50 lg-x50 y50 md-y50 lg-y50 res-text\">\n                                <div class=\"text dark\">\n              \n              <div class=\"text-inner text-center\">\n                  \n\n<h3 class=\"uppercase\"><strong>B\u1ea2O TR\u00cc &#8211; B\u1ea2O D\u01af\u1ee0NG<\/strong><\/h3>\n<p>Tri\u1ec3n khai nhanh &#8211; Ho\u00e0n t\u1ea5t s\u1edbm &#8211; Ch\u0103m s\u00f3c t\u1eadn t\u00ecnh<\/p>\n<p>V\u1edbi h\u01a1n 13 n\u0103m kinh nghi\u1ec7m s\u1eeda ch\u1eefa c\u00e1c lo\u1ea1i xe: Xe M\u00e1y, \u00d4 T\u00f4, \u0110\u1ea1p \u0110i\u1ec7n,&#8230; ch\u00fang t\u00f4i tin r\u1eb1ng s\u1ebd cho c\u00e1c b\u1ea1n m\u1ed9t tr\u1ea3i nghi\u1ec7m tuy\u1ec7t v\u1eddi nh\u1ea5t<\/p>\n\n              <\/div>\n           <\/div>\n                            \n<style>\n#text-box-860617088 {\n  width: 60%;\n}\n#text-box-860617088 .text {\n  font-size: 100%;\n}\n<\/style>\n    <\/div>\n \n\n        <\/div>\n      <\/div>\n\n            \n<style>\n#banner-718499301 {\n  padding-top: 728px;\n  background-color: rgb(17, 17, 17);\n}\n#banner-718499301 .bg.bg-loaded {\n  background-image: url(https:\/\/baotrixemay.com\/wp-content\/uploads\/2023\/05\/3-1024x453.jpg);\n}\n#banner-718499301 .overlay {\n  background-color: rgba(0, 0, 0, 0.56);\n}\n<\/style>\n  <\/div>\n\n\n\n  <div class=\"banner has-hover\" id=\"banner-78335922\">\n          <div class=\"banner-inner fill\">\n        <div class=\"banner-bg fill\" >\n            <div class=\"bg fill bg-fill \"><\/div>\n                        <div class=\"overlay\"><\/div>            \n                    <\/div>\n        <div class=\"banner-layers container\">\n            <div class=\"fill banner-link\"><\/div>            \n\n   <div id=\"text-box-1840971107\" class=\"text-box banner-layer x50 md-x50 lg-x50 y50 md-y50 lg-y50 res-text\">\n                                <div class=\"text dark\">\n              \n              <div class=\"text-inner text-center\">\n                  \n\n<h3 class=\"uppercase\"><strong>B\u1ea2O TR\u00cc &#8211; B\u1ea2O D\u01af\u1ee0NG<\/strong><\/h3>\n<p>Tri\u1ec3n khai nhanh &#8211; Ho\u00e0n t\u1ea5t s\u1edbm &#8211; Ch\u0103m s\u00f3c t\u1eadn t\u00ecnh<\/p>\n<p>V\u1edbi h\u01a1n 13 n\u0103m kinh nghi\u1ec7m s\u1eeda ch\u1eefa c\u00e1c lo\u1ea1i xe: Xe M\u00e1y, \u00d4 T\u00f4, \u0110\u1ea1p \u0110i\u1ec7n,&#8230; ch\u00fang t\u00f4i tin r\u1eb1ng s\u1ebd cho c\u00e1c b\u1ea1n m\u1ed9t tr\u1ea3i nghi\u1ec7m tuy\u1ec7t v\u1eddi nh\u1ea5t<\/p>\n\n              <\/div>\n           <\/div>\n                            \n<style>\n#text-box-1840971107 {\n  width: 60%;\n}\n#text-box-1840971107 .text {\n  font-size: 100%;\n}\n<\/style>\n    <\/div>\n \n\n        <\/div>\n      <\/div>\n\n            \n<style>\n#banner-78335922 {\n  padding-top: 500px;\n}\n#banner-78335922 .bg.bg-loaded {\n  background-image: url(https:\/\/baotrixemay.com\/wp-content\/uploads\/2023\/05\/1-1024x453.jpg);\n}\n#banner-78335922 .overlay {\n  background-color: rgba(0, 0, 0, 0.7);\n}\n<\/style>\n  <\/div>\n\n\n\n  <div class=\"banner has-hover\" id=\"banner-1790203105\">\n          <div class=\"banner-inner fill\">\n        <div class=\"banner-bg fill\" >\n            <div class=\"bg fill bg-fill \"><\/div>\n                        <div class=\"overlay\"><\/div>            \n                    <\/div>\n        <div class=\"banner-layers container\">\n            <div class=\"fill banner-link\"><\/div>            \n\n   <div id=\"text-box-443379407\" class=\"text-box banner-layer x50 md-x50 lg-x50 y50 md-y50 lg-y50 res-text\">\n                                <div class=\"text dark\">\n              \n              <div class=\"text-inner text-center\">\n                  \n\n<h3 class=\"uppercase\"><strong>B\u1ea2O TR\u00cc &#8211; B\u1ea2O D\u01af\u1ee0NG<\/strong><\/h3>\n<p>Tri\u1ec3n khai nhanh &#8211; Ho\u00e0n t\u1ea5t s\u1edbm &#8211; Ch\u0103m s\u00f3c t\u1eadn t\u00ecnh<\/p>\n<p>V\u1edbi h\u01a1n 13 n\u0103m kinh nghi\u1ec7m s\u1eeda ch\u1eefa c\u00e1c lo\u1ea1i xe: Xe M\u00e1y, \u00d4 T\u00f4, \u0110\u1ea1p \u0110i\u1ec7n,&#8230; ch\u00fang t\u00f4i tin r\u1eb1ng s\u1ebd cho c\u00e1c b\u1ea1n m\u1ed9t tr\u1ea3i nghi\u1ec7m tuy\u1ec7t v\u1eddi nh\u1ea5t<\/p>\n\n              <\/div>\n           <\/div>\n                            \n<style>\n#text-box-443379407 {\n  width: 60%;\n}\n#text-box-443379407 .text {\n  font-size: 100%;\n}\n<\/style>\n    <\/div>\n \n\n        <\/div>\n      <\/div>\n\n            \n<style>\n#banner-1790203105 {\n  padding-top: 500px;\n}\n#banner-1790203105 .bg.bg-loaded {\n  background-image: url(https:\/\/baotrixemay.com\/wp-content\/uploads\/2023\/05\/2-1024x454.jpg);\n}\n#banner-1790203105 .overlay {\n  background-color: rgba(0, 0, 0, 0.7);\n}\n<\/style>\n  <\/div>\n\n\n\n     <\/div>\n\n     <div class=\"loading-spin dark large centered\"><\/div>\n\n     <\/div>\n\n\n\t<div class=\"img has-hover x md-x lg-x y md-y lg-y\" id=\"image_1439101817\">\n\t\t\t\t\t\t\t\t<div class=\"img-inner dark\" >\n\t\t\t<img width=\"1020\" height=\"132\" src=\"https:\/\/baotrixemay.com\/wp-content\/uploads\/2023\/05\/22-1024x133.png\" class=\"attachment-large size-large\" alt=\"\" decoding=\"async\" loading=\"lazy\" srcset=\"https:\/\/baotrixemay.com\/wp-content\/uploads\/2023\/05\/22-1024x133.png 1024w, https:\/\/baotrixemay.com\/wp-content\/uploads\/2023\/05\/22-300x39.png 300w, https:\/\/baotrixemay.com\/wp-content\/uploads\/2023\/05\/22-768x100.png 768w, https:\/\/baotrixemay.com\/wp-content\/uploads\/2023\/05\/22-1536x200.png 1536w, https:\/\/baotrixemay.com\/wp-content\/uploads\/2023\/05\/22.png 1699w\" sizes=\"(max-width: 1020px) 100vw, 1020px\" \/>\t\t\t\t\t\t\n\t\t\t\t\t<\/div>\n\t\t\t\t\t\t\t\t\n<style>\n#image_1439101817 {\n  width: 100%;\n}\n<\/style>\n\t<\/div>\n\t\n\n\n\t\t<\/div>\n\n\t\t\n<style>\n#section_1844197792 {\n  padding-top: 30px;\n  padding-bottom: 30px;\n}\n<\/style>\n\t<\/section>\n\t\n\t<section class=\"section\" id=\"section_744757316\">\n\t\t<div class=\"bg section-bg fill bg-fill  bg-loaded\" >\n\n\t\t\t\n\t\t\t\n\t\t\t\n\n\t\t<\/div>\n\n\t\t<div class=\"section-content relative\">\n\t\t\t\n\n<span class=\"scroll-to\" data-label=\"Scroll to: #thongtin\" data-bullet=\"false\" data-link=\"#thongtin\" data-title=\"Th\u00f4ng tin\"><a name=\"thongtin\"><\/a><\/span>\n\n<div class=\"row\"  id=\"row-1718639532\">\n\n\n\t<div id=\"col-945378790\" class=\"col medium-6 small-12 large-6\"  >\n\t\t<div class=\"col-inner\"  >\n\t\t\t\n\t\t\t\n\n<h2>B\u1ea1n c\u00f3 X\u1ebf Y\u00eau?<\/h2>\n<p>S\u1eed d\u1ee5ng xe theo ph\u01b0\u01a1ng ph\u00e1p \u0111\u00e3 h\u01b0\u1edbng d\u1eabn trong s\u00e1ch h\u01b0\u1edbng d\u1eabn s\u1eed d\u1ee5ng.<\/p>\n<p>Ti\u1ebfn h\u00e0nh ki\u1ec3m tra theo \u0111\u00fang v\u1eadn h\u00e0nh theo h\u01b0\u1edbng d\u1eabn<\/p>\n<p>Thay th\u1ebf c\u00e1c b\u1ed9 ph\u1eadn \u0111\u1ecbnh k\u1ef3, gi\u00fap n\u00e2ng c\u1ea5p x\u1ebf y\u00eau, v\u00e0 s\u1eed d\u1ee5ng l\u00e2u h\u01a1n<\/p>\n\n\t\t<\/div>\n\t\t\t<\/div>\n\n\t\n\n\t<div id=\"col-422668312\" class=\"col medium-6 small-12 large-6\"  >\n\t\t<div class=\"col-inner\"  >\n\t\t\t\n\t\t\t\n\n\t<div class=\"img has-hover x md-x lg-x y md-y lg-y\" id=\"image_1714701532\">\n\t\t\t\t\t\t\t\t<div class=\"img-inner dark\" >\n\t\t\t<img width=\"710\" height=\"460\" src=\"https:\/\/baotrixemay.com\/wp-content\/uploads\/2023\/05\/bao-duong-xe-may-gom-nhung-gi.png\" class=\"attachment-large size-large\" alt=\"\" decoding=\"async\" loading=\"lazy\" srcset=\"https:\/\/baotrixemay.com\/wp-content\/uploads\/2023\/05\/bao-duong-xe-may-gom-nhung-gi.png 710w, https:\/\/baotrixemay.com\/wp-content\/uploads\/2023\/05\/bao-duong-xe-may-gom-nhung-gi-300x194.png 300w\" sizes=\"(max-width: 710px) 100vw, 710px\" \/>\t\t\t\t\t\t\n\t\t\t\t\t<\/div>\n\t\t\t\t\t\t\t\t\n<style>\n#image_1714701532 {\n  width: 100%;\n}\n<\/style>\n\t<\/div>\n\t\n\n\n\t\t<\/div>\n\t\t\t<\/div>\n\n\t\n\n<\/div>\n\n\t\t<\/div>\n\n\t\t\n<style>\n#section_744757316 {\n  padding-top: 30px;\n  padding-bottom: 30px;\n}\n<\/style>\n\t<\/section>\n\t\n\t<section class=\"section\" id=\"section_602784605\">\n\t\t<div class=\"bg section-bg fill bg-fill  bg-loaded\" >\n\n\t\t\t\n\t\t\t\n\t\t\t\n\n\t\t<\/div>\n\n\t\t<div class=\"section-content relative\">\n\t\t\t\n\n<span class=\"scroll-to\" data-label=\"Scroll to: #lienhe\" data-bullet=\"false\" data-link=\"#lienhe\" data-title=\"Li\u00ean h\u1ec7\"><a name=\"lienhe\"><\/a><\/span>\n\n<div class=\"row\"  id=\"row-18060651\">\n\n\n\t<div id=\"col-1639036389\" class=\"col medium-6 small-12 large-6\"  >\n\t\t<div class=\"col-inner\"  >\n\t\t\t\n\t\t\t\n\n<p><strong><a href=\"https:\/\/www.google.com\/maps\/place\/C%C3%B4ng+ty+TNHH+C%C3%B4ng+Ngh%E1%BB%87+ViHAT\/@10.8436429,106.7114908,15z\/data=!4m6!3m5!1s0x31752896074ed9bb:0x3248bc5880de97ce!8m2!3d10.8436429!4d106.7114908!16s%2Fg%2F11c1sjx_j9\">Xem \u0111\u01b0\u1eddng \u0111i \u0111\u1ebfn \u0111\u1ecba \u0111i\u1ec3m b\u1ea3o tr\u00ec<\/a><\/strong><\/p>\n<p><iframe loading=\"lazy\" style=\"border: 0;\" src=\"https:\/\/www.google.com\/maps\/embed?pb=!1m14!1m8!1m3!1d15674.30825010172!2d106.7114908!3d10.8436429!3m2!1i1024!2i768!4f13.1!3m3!1m2!1s0x31752896074ed9bb%3A0x3248bc5880de97ce!2zQ8O0bmcgdHkgVE5ISCBDw7RuZyBOZ2jhu4cgVmlIQVQ!5e0!3m2!1svi!2s!4v1684230130177!5m2!1svi!2s\" width=\"600\" height=\"450\" allowfullscreen=\"allowfullscreen\"><\/iframe><\/p>\n\n\t\t<\/div>\n\t\t\t<\/div>\n\n\t\n\n\t<div id=\"col-1119588328\" class=\"col medium-6 small-12 large-6\"  >\n\t\t<div class=\"col-inner\"  >\n\t\t\t\n\t\t\t\n\n\n<div class=\"wpcf7 no-js\" id=\"wpcf7-f6-o1\" lang=\"vi\" dir=\"ltr\">\n<div class=\"screen-reader-response\"><p role=\"status\" aria-live=\"polite\" aria-atomic=\"true\"><\/p> <ul><\/ul><\/div>\n<form action=\"\/index.php?rest_route=%2Fwp%2Fv2%2Fpages%2F20#wpcf7-f6-o1\" method=\"post\" class=\"wpcf7-form init\" aria-label=\"Form li\u00ean h\u1ec7\" novalidate=\"novalidate\" data-status=\"init\">\n<div style=\"display: none;\">\n<input type=\"hidden\" name=\"_wpcf7\" value=\"6\" \/>\n<input type=\"hidden\" name=\"_wpcf7_version\" value=\"5.7.6\" \/>\n<input type=\"hidden\" name=\"_wpcf7_locale\" value=\"vi\" \/>\n<input type=\"hidden\" name=\"_wpcf7_unit_tag\" value=\"wpcf7-f6-o1\" \/>\n<input type=\"hidden\" name=\"_wpcf7_container_post\" value=\"0\" \/>\n<input type=\"hidden\" name=\"_wpcf7_posted_data_hash\" value=\"\" \/>\n<\/div>\n<p><label> T\u00ean c\u1ee7a b\u1ea1n<br \/>\n<span class=\"wpcf7-form-control-wrap\" data-name=\"your-name\"><input size=\"40\" class=\"wpcf7-form-control wpcf7-text wpcf7-validates-as-required\" autocomplete=\"name\" aria-required=\"true\" aria-invalid=\"false\" value=\"\" type=\"text\" name=\"your-name\" \/><\/span> <\/label>\n<\/p>\n<p><label> Email c\u1ee7a b\u1ea1n<br \/>\n<span class=\"wpcf7-form-control-wrap\" data-name=\"your-email\"><input size=\"40\" class=\"wpcf7-form-control wpcf7-text wpcf7-email wpcf7-validates-as-required wpcf7-validates-as-email\" autocomplete=\"email\" aria-required=\"true\" aria-invalid=\"false\" value=\"\" type=\"email\" name=\"your-email\" \/><\/span> <\/label>\n<\/p>\n<p><label> S\u0110T c\u1ee7a b\u1ea1n<br \/>\n<span class=\"wpcf7-form-control-wrap\" data-name=\"tel-368\"><input size=\"40\" class=\"wpcf7-form-control wpcf7-text wpcf7-tel wpcf7-validates-as-required wpcf7-validates-as-tel\" aria-required=\"true\" aria-invalid=\"false\" value=\"\" type=\"tel\" name=\"tel-368\" \/><\/span> <\/label>\n<\/p>\n<p><label> Your message (optional)<br \/>\n<span class=\"wpcf7-form-control-wrap\" data-name=\"your-message\"><textarea cols=\"40\" rows=\"10\" class=\"wpcf7-form-control wpcf7-textarea\" aria-invalid=\"false\" name=\"your-message\"><\/textarea><\/span> <\/label>\n<\/p><div class=\"wpcf7-response-output\" aria-hidden=\"true\"><\/div>\n<\/form>\n<\/div>\n\n\n<a href=\"https:\/\/baotrixemay.com\/?page_id=49\" target=\"_self\" class=\"button primary is-shade box-shadow-3 box-shadow-5-hover\"  style=\"border-radius:5px;\">\n    <span>\u0110\u0103ng k\u00fd<\/span>\n  <\/a>\n\n\n\n\t\t<\/div>\n\t\t\t<\/div>\n\n\t\n\n<\/div>\n\n\t\t<\/div>\n\n\t\t\n<style>\n#section_602784605 {\n  padding-top: 30px;\n  padding-bottom: 30px;\n}\n<\/style>\n\t<\/section>\n\t\n\n","protected":false},"excerpt":{"rendered":"","protected":false},"author":1,"featured_media":0,"parent":0,"menu_order":0,"comment_status":"closed","ping_status":"closed","template":"page-blank.php","meta":[],"_links":{"self":[{"href":"https:\/\/baotrixemay.com\/index.php?rest_route=\/wp\/v2\/pages\/20"}],"collection":[{"href":"https:\/\/baotrixemay.com\/index.php?rest_route=\/wp\/v2\/pages"}],"about":[{"href":"https:\/\/baotrixemay.com\/index.php?rest_route=\/wp\/v2\/types\/page"}],"author":[{"embeddable":true,"href":"https:\/\/baotrixemay.com\/index.php?rest_route=\/wp\/v2\/users\/1"}],"replies":[{"embeddable":true,"href":"https:\/\/baotrixemay.com\/index.php?rest_route=%2Fwp%2Fv2%2Fcomments&post=20"}],"version-history":[{"count":9,"href":"https:\/\/baotrixemay.com\/index.php?rest_route=\/wp\/v2\/pages\/20\/revisions"}],"predecessor-version":[{"id":52,"href":"https:\/\/baotrixemay.com\/index.php?rest_route=\/wp\/v2\/pages\/20\/revisions\/52"}],"wp:attachment":[{"href":"https:\/\/baotrixemay.com\/index.php?rest_route=%2Fwp%2Fv2%2Fmedia&parent=20"}],"curies":[{"name":"wp","href":"https:\/\/api.w.org\/{rel}","templated":true}]}}